{"id":92,"date":"2022-07-20T21:08:14","date_gmt":"2022-07-20T21:08:14","guid":{"rendered":"https:\/\/schlesisches-konvikt.de\/?page_id=92"},"modified":"2025-10-22T10:13:28","modified_gmt":"2025-10-22T10:13:28","slug":"wohnen","status":"publish","type":"page","link":"https:\/\/schlesisches-konvikt.de\/?page_id=92","title":{"rendered":"Wohnen im Konvikt"},"content":{"rendered":"\t\t<div data-elementor-type=\"wp-page\" data-elementor-id=\"92\" class=\"elementor elementor-92\">\n\t\t\t\t\t\t<section class=\"elementor-section elementor-top-section elementor-element elementor-element-dbda35e elementor-section-boxed elementor-section-height-default elementor-section-height-default\" data-id=\"dbda35e\" data-element_type=\"section\" data-e-type=\"section\">\n\t\t\t\t\t\t<div class=\"elementor-container elementor-column-gap-default\">\n\t\t\t\t\t<div class=\"elementor-column elementor-col-100 elementor-top-column elementor-element elementor-element-b1e2379\" data-id=\"b1e2379\" data-element_type=\"column\" data-e-type=\"column\">\n\t\t\t<div class=\"elementor-widget-wrap elementor-element-populated\">\n\t\t\t\t\t\t<div class=\"elementor-element elementor-element-4926fa8 elementor-widget elementor-widget-spacer\" data-id=\"4926fa8\" data-element_type=\"widget\" data-e-type=\"widget\" data-widget_type=\"spacer.default\">\n\t\t\t\t<div class=\"elementor-widget-container\">\n\t\t\t\t\t\t\t<div class=\"elementor-spacer\">\n\t\t\t<div class=\"elementor-spacer-inner\"><\/div>\n\t\t<\/div>\n\t\t\t\t\t\t<\/div>\n\t\t\t\t<\/div>\n\t\t\t\t<section class=\"elementor-section elementor-inner-section elementor-element elementor-element-37c7826a elementor-section-boxed elementor-section-height-default elementor-section-height-default\" data-id=\"37c7826a\" data-element_type=\"section\" data-e-type=\"section\">\n\t\t\t\t\t\t<div class=\"elementor-container elementor-column-gap-default\">\n\t\t\t\t\t<div class=\"elementor-column elementor-col-50 elementor-inner-column elementor-element elementor-element-75d3a8e2\" data-id=\"75d3a8e2\" data-element_type=\"column\" data-e-type=\"column\">\n\t\t\t<div class=\"elementor-widget-wrap elementor-element-populated\">\n\t\t\t\t\t\t<div class=\"elementor-element elementor-element-7f8e49a9 elementor-invisible elementor-widget elementor-widget-image\" data-id=\"7f8e49a9\" data-element_type=\"widget\" data-e-type=\"widget\" data-settings=\"{&quot;_animation&quot;:&quot;zoomInRight&quot;}\" data-widget_type=\"image.default\">\n\t\t\t\t<div class=\"elementor-widget-container\">\n\t\t\t\t\t\t\t\t\t\t\t\t\t\t\t\t<a href=\"https:\/\/schlesisches-konvikt.de\/\">\n\t\t\t\t\t\t\t<img fetchpriority=\"high\" decoding=\"async\" width=\"300\" height=\"232\" src=\"https:\/\/schlesisches-konvikt.de\/wp-content\/uploads\/2022\/07\/sk-signatur-xl1-300x232.png\" class=\"attachment-medium size-medium wp-image-70\" alt=\"\" srcset=\"https:\/\/schlesisches-konvikt.de\/wp-content\/uploads\/2022\/07\/sk-signatur-xl1-300x232.png 300w, https:\/\/schlesisches-konvikt.de\/wp-content\/uploads\/2022\/07\/sk-signatur-xl1-1024x791.png 1024w, https:\/\/schlesisches-konvikt.de\/wp-content\/uploads\/2022\/07\/sk-signatur-xl1-768x593.png 768w, https:\/\/schlesisches-konvikt.de\/wp-content\/uploads\/2022\/07\/sk-signatur-xl1-1536x1186.png 1536w, https:\/\/schlesisches-konvikt.de\/wp-content\/uploads\/2022\/07\/sk-signatur-xl1-2048x1582.png 2048w\" sizes=\"(max-width: 300px) 100vw, 300px\" \/>\t\t\t\t\t\t\t\t<\/a>\n\t\t\t\t\t\t\t\t\t\t\t\t\t\t\t<\/div>\n\t\t\t\t<\/div>\n\t\t\t\t\t<\/div>\n\t\t<\/div>\n\t\t\t\t<div class=\"elementor-column elementor-col-50 elementor-inner-column elementor-element elementor-element-5b622150\" data-id=\"5b622150\" data-element_type=\"column\" data-e-type=\"column\">\n\t\t\t<div class=\"elementor-widget-wrap elementor-element-populated\">\n\t\t\t\t\t\t<div class=\"elementor-element elementor-element-4957185e elementor-widget elementor-widget-heading\" data-id=\"4957185e\" data-element_type=\"widget\" data-e-type=\"widget\" data-widget_type=\"heading.default\">\n\t\t\t\t<div class=\"elementor-widget-container\">\n\t\t\t\t\t<h1 class=\"elementor-heading-title elementor-size-default\">Schlesisches Konvikt\n<\/h1>\t\t\t\t<\/div>\n\t\t\t\t<\/div>\n\t\t\t\t\t<\/div>\n\t\t<\/div>\n\t\t\t\t\t<\/div>\n\t\t<\/section>\n\t\t\t\t<div class=\"elementor-element elementor-element-6bd6b0c6 elementor-widget elementor-widget-heading\" data-id=\"6bd6b0c6\" data-element_type=\"widget\" data-e-type=\"widget\" data-widget_type=\"heading.default\">\n\t\t\t\t<div class=\"elementor-widget-container\">\n\t\t\t\t\t<h4 class=\"elementor-heading-title elementor-size-default\">Christlich. Studieren. Wohnen. Leben.<\/h4>\t\t\t\t<\/div>\n\t\t\t\t<\/div>\n\t\t\t\t\t<\/div>\n\t\t<\/div>\n\t\t\t\t\t<\/div>\n\t\t<\/section>\n\t\t\t\t<section class=\"elementor-section elementor-top-section elementor-element elementor-element-53564c6b elementor-section-boxed elementor-section-height-default elementor-section-height-default\" data-id=\"53564c6b\" data-element_type=\"section\" data-e-type=\"section\">\n\t\t\t\t\t\t<div class=\"elementor-container elementor-column-gap-default\">\n\t\t\t\t\t<div class=\"elementor-column elementor-col-100 elementor-top-column elementor-element elementor-element-2eec12c0\" data-id=\"2eec12c0\" data-element_type=\"column\" data-e-type=\"column\">\n\t\t\t<div class=\"elementor-widget-wrap elementor-element-populated\">\n\t\t\t\t\t\t<div class=\"elementor-element elementor-element-77f40ff1 elementor-widget elementor-widget-text-editor\" data-id=\"77f40ff1\" data-element_type=\"widget\" data-e-type=\"widget\" data-widget_type=\"text-editor.default\">\n\t\t\t\t<div class=\"elementor-widget-container\">\n\t\t\t\t\t\t\t\t\t<p style=\"text-align: center;\"><span style=\"color: #e7c1ec;\"><a style=\"color: #e7c1ec;\" href=\"https:\/\/schlesisches-konvikt.de\/\">Willkommen<\/a>\u00a0\u00a0\u00a0\u00a0\u00a0\u00a0\u00a0\u00a0\u00a0 <a style=\"color: #e7c1ec;\" href=\"https:\/\/schlesisches-konvikt.de\/?page_id=102\">Leben im Konvikt<\/a>\u00a0\u00a0\u00a0\u00a0\u00a0\u00a0\u00a0\u00a0\u00a0 <a style=\"color: #e7c1ec;\" href=\"https:\/\/schlesisches-konvikt.de\/?page_id=92\">Wohnen im Konvikt<\/a> \u00a0 \u00a0 \u00a0 \u00a0\u00a0 <a style=\"color: #e7c1ec;\" href=\"https:\/\/schlesisches-konvikt.de\/?page_id=37\">Impressum<\/a><\/span><\/p>\t\t\t\t\t\t\t\t<\/div>\n\t\t\t\t<\/div>\n\t\t\t\t<div class=\"elementor-element elementor-element-11752030 elementor-widget-divider--view-line elementor-widget elementor-widget-divider\" data-id=\"11752030\" data-element_type=\"widget\" data-e-type=\"widget\" data-widget_type=\"divider.default\">\n\t\t\t\t<div class=\"elementor-widget-container\">\n\t\t\t\t\t\t\t<div class=\"elementor-divider\">\n\t\t\t<span class=\"elementor-divider-separator\">\n\t\t\t\t\t\t<\/span>\n\t\t<\/div>\n\t\t\t\t\t\t<\/div>\n\t\t\t\t<\/div>\n\t\t\t\t<div class=\"elementor-element elementor-element-43e75cd3 elementor-widget elementor-widget-heading\" data-id=\"43e75cd3\" data-element_type=\"widget\" data-e-type=\"widget\" data-widget_type=\"heading.default\">\n\t\t\t\t<div class=\"elementor-widget-container\">\n\t\t\t\t\t<h3 class=\"elementor-heading-title elementor-size-default\">Wohnen im Konvikt<\/h3>\t\t\t\t<\/div>\n\t\t\t\t<\/div>\n\t\t\t\t\t<\/div>\n\t\t<\/div>\n\t\t\t\t\t<\/div>\n\t\t<\/section>\n\t\t\t\t<section class=\"elementor-section elementor-top-section elementor-element elementor-element-38730637 elementor-section-boxed elementor-section-height-default elementor-section-height-default\" data-id=\"38730637\" data-element_type=\"section\" data-e-type=\"section\">\n\t\t\t\t\t\t<div class=\"elementor-container elementor-column-gap-default\">\n\t\t\t\t\t<div class=\"elementor-column elementor-col-50 elementor-top-column elementor-element elementor-element-3ab624c8\" data-id=\"3ab624c8\" data-element_type=\"column\" data-e-type=\"column\">\n\t\t\t<div class=\"elementor-widget-wrap elementor-element-populated\">\n\t\t\t\t\t\t<div class=\"elementor-element elementor-element-3782eb93 elementor-widget elementor-widget-image\" data-id=\"3782eb93\" data-element_type=\"widget\" data-e-type=\"widget\" data-widget_type=\"image.default\">\n\t\t\t\t<div class=\"elementor-widget-container\">\n\t\t\t\t\t\t\t\t\t\t\t\t<figure class=\"wp-caption\">\n\t\t\t\t\t\t\t\t\t\t<img decoding=\"async\" width=\"768\" height=\"1024\" src=\"https:\/\/schlesisches-konvikt.de\/wp-content\/uploads\/2022\/07\/IMG_0345-768x1024.jpg\" class=\"attachment-medium_large size-medium_large wp-image-94\" alt=\"\" srcset=\"https:\/\/schlesisches-konvikt.de\/wp-content\/uploads\/2022\/07\/IMG_0345-768x1024.jpg 768w, https:\/\/schlesisches-konvikt.de\/wp-content\/uploads\/2022\/07\/IMG_0345-225x300.jpg 225w, https:\/\/schlesisches-konvikt.de\/wp-content\/uploads\/2022\/07\/IMG_0345-1152x1536.jpg 1152w, https:\/\/schlesisches-konvikt.de\/wp-content\/uploads\/2022\/07\/IMG_0345-1536x2048.jpg 1536w, https:\/\/schlesisches-konvikt.de\/wp-content\/uploads\/2022\/07\/IMG_0345-scaled.jpg 1920w\" sizes=\"(max-width: 768px) 100vw, 768px\" \/>\t\t\t\t\t\t\t\t\t\t\t<figcaption class=\"widget-image-caption wp-caption-text\"><\/figcaption>\n\t\t\t\t\t\t\t\t\t\t<\/figure>\n\t\t\t\t\t\t\t\t\t<\/div>\n\t\t\t\t<\/div>\n\t\t\t\t<div class=\"elementor-element elementor-element-68de699 elementor-widget elementor-widget-image\" data-id=\"68de699\" data-element_type=\"widget\" data-e-type=\"widget\" data-widget_type=\"image.default\">\n\t\t\t\t<div class=\"elementor-widget-container\">\n\t\t\t\t\t\t\t\t\t\t\t\t\t\t\t<img decoding=\"async\" width=\"768\" height=\"624\" src=\"https:\/\/schlesisches-konvikt.de\/wp-content\/uploads\/2022\/07\/IMG_20180912_104757350_HDR-768x624.jpg\" class=\"attachment-medium_large size-medium_large wp-image-95\" alt=\"\" srcset=\"https:\/\/schlesisches-konvikt.de\/wp-content\/uploads\/2022\/07\/IMG_20180912_104757350_HDR-768x624.jpg 768w, https:\/\/schlesisches-konvikt.de\/wp-content\/uploads\/2022\/07\/IMG_20180912_104757350_HDR-300x244.jpg 300w, https:\/\/schlesisches-konvikt.de\/wp-content\/uploads\/2022\/07\/IMG_20180912_104757350_HDR-1024x832.jpg 1024w, https:\/\/schlesisches-konvikt.de\/wp-content\/uploads\/2022\/07\/IMG_20180912_104757350_HDR-1536x1248.jpg 1536w, https:\/\/schlesisches-konvikt.de\/wp-content\/uploads\/2022\/07\/IMG_20180912_104757350_HDR-2048x1664.jpg 2048w\" sizes=\"(max-width: 768px) 100vw, 768px\" \/>\t\t\t\t\t\t\t\t\t\t\t\t\t\t\t<\/div>\n\t\t\t\t<\/div>\n\t\t\t\t\t<\/div>\n\t\t<\/div>\n\t\t\t\t<div class=\"elementor-column elementor-col-50 elementor-top-column elementor-element elementor-element-2c136a1f\" data-id=\"2c136a1f\" data-element_type=\"column\" data-e-type=\"column\">\n\t\t\t<div class=\"elementor-widget-wrap elementor-element-populated\">\n\t\t\t\t\t\t<div class=\"elementor-element elementor-element-1f4954c2 elementor-widget elementor-widget-text-editor\" data-id=\"1f4954c2\" data-element_type=\"widget\" data-e-type=\"widget\" data-widget_type=\"text-editor.default\">\n\t\t\t\t<div class=\"elementor-widget-container\">\n\t\t\t\t\t\t\t\t\t<p>Unser Konvikt besteht aus zwei durch den gemeinsamen Garten und die Terrasse verbundenen H\u00e4usern, in denen wir in unterschiedlich gro\u00dfen WGs (2-er bis 11-er) zusammen wohnen. <br>Die&nbsp; Zimmer sind 9 &#8211; 28 qm gro\u00df, der Mietpreis beginnt bei ca. 190 Euro. Sie k\u00f6nnen m\u00f6bliert oder unm\u00f6bliert gemietet werden.&nbsp;<\/p>\n<p>Bewerbung:<br>Wenn du dich f\u00fcr ein Zimmer in unserem Konvikt interessierst, schicke bitte deine Bewerbung an:<br>Ulrike Scheller<\/p>\n<p>inspektor[at]schlesisches-konvikt.de<\/p>\n<p>Anschreiben:<br>&#8211; du stellst du dich und deine Interessen vor <br>&#8211; du erkl\u00e4rst, was dich motiviert in einer christlichen Gemeinschaft leben zu wollen und was dir daran wichtig ist<br>&#8211; du schreibst, wie und wo du dich einbringen m\u00f6chtest<\/p>\n<p>Wir freuen uns \u00fcber deinen tabellarischen Lebenslauf!<\/p>\n<p>Die Zimmer werden jeweils semesterweise vermietet und m\u00fcssen dann verl\u00e4ngert werden. <br>Die maximale Mietdauer betr\u00e4gt acht Jahre.<\/p>\t\t\t\t\t\t\t\t<\/div>\n\t\t\t\t<\/div>\n\t\t\t\t\t<\/div>\n\t\t<\/div>\n\t\t\t\t\t<\/div>\n\t\t<\/section>\n\t\t\t\t<\/div>\n\t\t","protected":false},"excerpt":{"rendered":"<p>Schlesisches Konvikt Christlich. Studieren. Wohnen. Leben. Willkommen\u00a0\u00a0\u00a0\u00a0\u00a0\u00a0\u00a0\u00a0\u00a0 Leben im Konvikt\u00a0\u00a0\u00a0\u00a0\u00a0\u00a0\u00a0\u00a0\u00a0 Wohnen im Konvikt \u00a0 \u00a0 \u00a0 \u00a0\u00a0 Impressum Wohnen im Konvikt Unser Konvikt besteht aus zwei durch den gemeinsamen Garten und die Terrasse verbundenen H\u00e4usern, in denen wir in unterschiedlich gro\u00dfen WGs (2-er bis 11-er) zusammen wohnen. Die&nbsp; Zimmer sind 9 &#8211; 28 qm gro\u00df, [&hellip;]<\/p>\n","protected":false},"author":1,"featured_media":0,"parent":0,"menu_order":0,"comment_status":"closed","ping_status":"closed","template":"elementor_canvas","meta":{"footnotes":""},"class_list":["post-92","page","type-page","status-publish","hentry"],"_links":{"self":[{"href":"https:\/\/schlesisches-konvikt.de\/index.php?rest_route=\/wp\/v2\/pages\/92","targetHints":{"allow":["GET"]}}],"collection":[{"href":"https:\/\/schlesisches-konvikt.de\/index.php?rest_route=\/wp\/v2\/pages"}],"about":[{"href":"https:\/\/schlesisches-konvikt.de\/index.php?rest_route=\/wp\/v2\/types\/page"}],"author":[{"embeddable":true,"href":"https:\/\/schlesisches-konvikt.de\/index.php?rest_route=\/wp\/v2\/users\/1"}],"replies":[{"embeddable":true,"href":"https:\/\/schlesisches-konvikt.de\/index.php?rest_route=%2Fwp%2Fv2%2Fcomments&post=92"}],"version-history":[{"count":36,"href":"https:\/\/schlesisches-konvikt.de\/index.php?rest_route=\/wp\/v2\/pages\/92\/revisions"}],"predecessor-version":[{"id":328,"href":"https:\/\/schlesisches-konvikt.de\/index.php?rest_route=\/wp\/v2\/pages\/92\/revisions\/328"}],"wp:attachment":[{"href":"https:\/\/schlesisches-konvikt.de\/index.php?rest_route=%2Fwp%2Fv2%2Fmedia&parent=92"}],"curies":[{"name":"wp","href":"https:\/\/api.w.org\/{rel}","templated":true}]}}