{"id":9,"date":"2022-07-20T15:44:44","date_gmt":"2022-07-20T15:44:44","guid":{"rendered":"https:\/\/schlesisches-konvikt.de\/?page_id=9"},"modified":"2025-10-22T10:10:35","modified_gmt":"2025-10-22T10:10:35","slug":"willkommen","status":"publish","type":"page","link":"https:\/\/schlesisches-konvikt.de\/","title":{"rendered":"Willkommen"},"content":{"rendered":"\t\t<div data-elementor-type=\"wp-post\" data-elementor-id=\"9\" class=\"elementor elementor-9\">\n\t\t\t\t\t\t<section class=\"elementor-section elementor-top-section elementor-element elementor-element-8ef5013 elementor-section-boxed elementor-section-height-default elementor-section-height-default\" data-id=\"8ef5013\" data-element_type=\"section\" data-e-type=\"section\">\n\t\t\t\t\t\t<div class=\"elementor-container elementor-column-gap-default\">\n\t\t\t\t\t<div class=\"elementor-column elementor-col-100 elementor-top-column elementor-element elementor-element-3dee2e41\" data-id=\"3dee2e41\" data-element_type=\"column\" data-e-type=\"column\">\n\t\t\t<div class=\"elementor-widget-wrap elementor-element-populated\">\n\t\t\t\t\t\t<div class=\"elementor-element elementor-element-203682e8 elementor-widget elementor-widget-spacer\" data-id=\"203682e8\" data-element_type=\"widget\" data-e-type=\"widget\" data-widget_type=\"spacer.default\">\n\t\t\t\t<div class=\"elementor-widget-container\">\n\t\t\t\t\t\t\t<div class=\"elementor-spacer\">\n\t\t\t<div class=\"elementor-spacer-inner\"><\/div>\n\t\t<\/div>\n\t\t\t\t\t\t<\/div>\n\t\t\t\t<\/div>\n\t\t\t\t<section class=\"elementor-section elementor-inner-section elementor-element elementor-element-492fc79d elementor-section-boxed elementor-section-height-default elementor-section-height-default\" data-id=\"492fc79d\" data-element_type=\"section\" data-e-type=\"section\">\n\t\t\t\t\t\t<div class=\"elementor-container elementor-column-gap-default\">\n\t\t\t\t\t<div class=\"elementor-column elementor-col-50 elementor-inner-column elementor-element elementor-element-552aa7ee\" data-id=\"552aa7ee\" data-element_type=\"column\" data-e-type=\"column\">\n\t\t\t<div class=\"elementor-widget-wrap elementor-element-populated\">\n\t\t\t\t\t\t<div class=\"elementor-element elementor-element-6dbf74d2 elementor-invisible elementor-widget elementor-widget-image\" data-id=\"6dbf74d2\" data-element_type=\"widget\" data-e-type=\"widget\" data-settings=\"{&quot;_animation&quot;:&quot;zoomInRight&quot;}\" data-widget_type=\"image.default\">\n\t\t\t\t<div class=\"elementor-widget-container\">\n\t\t\t\t\t\t\t\t\t\t\t\t\t\t\t\t<a href=\"https:\/\/schlesisches-konvikt.de\/\">\n\t\t\t\t\t\t\t<img fetchpriority=\"high\" decoding=\"async\" width=\"300\" height=\"232\" src=\"https:\/\/schlesisches-konvikt.de\/wp-content\/uploads\/2022\/07\/sk-signatur-xl1-300x232.png\" class=\"attachment-medium size-medium wp-image-70\" alt=\"\" srcset=\"https:\/\/schlesisches-konvikt.de\/wp-content\/uploads\/2022\/07\/sk-signatur-xl1-300x232.png 300w, https:\/\/schlesisches-konvikt.de\/wp-content\/uploads\/2022\/07\/sk-signatur-xl1-1024x791.png 1024w, https:\/\/schlesisches-konvikt.de\/wp-content\/uploads\/2022\/07\/sk-signatur-xl1-768x593.png 768w, https:\/\/schlesisches-konvikt.de\/wp-content\/uploads\/2022\/07\/sk-signatur-xl1-1536x1186.png 1536w, https:\/\/schlesisches-konvikt.de\/wp-content\/uploads\/2022\/07\/sk-signatur-xl1-2048x1582.png 2048w\" sizes=\"(max-width: 300px) 100vw, 300px\" \/>\t\t\t\t\t\t\t\t<\/a>\n\t\t\t\t\t\t\t\t\t\t\t\t\t\t\t<\/div>\n\t\t\t\t<\/div>\n\t\t\t\t\t<\/div>\n\t\t<\/div>\n\t\t\t\t<div class=\"elementor-column elementor-col-50 elementor-inner-column elementor-element elementor-element-79444997\" data-id=\"79444997\" data-element_type=\"column\" data-e-type=\"column\">\n\t\t\t<div class=\"elementor-widget-wrap elementor-element-populated\">\n\t\t\t\t\t\t<div class=\"elementor-element elementor-element-1e4fd21b elementor-widget elementor-widget-heading\" data-id=\"1e4fd21b\" data-element_type=\"widget\" data-e-type=\"widget\" data-widget_type=\"heading.default\">\n\t\t\t\t<div class=\"elementor-widget-container\">\n\t\t\t\t\t<h1 class=\"elementor-heading-title elementor-size-default\">Schlesisches Konvikt\n<\/h1>\t\t\t\t<\/div>\n\t\t\t\t<\/div>\n\t\t\t\t\t<\/div>\n\t\t<\/div>\n\t\t\t\t\t<\/div>\n\t\t<\/section>\n\t\t\t\t<div class=\"elementor-element elementor-element-320f1f21 elementor-widget elementor-widget-heading\" data-id=\"320f1f21\" data-element_type=\"widget\" data-e-type=\"widget\" data-widget_type=\"heading.default\">\n\t\t\t\t<div class=\"elementor-widget-container\">\n\t\t\t\t\t<h4 class=\"elementor-heading-title elementor-size-default\">Christlich. Studieren. Wohnen. Leben.<\/h4>\t\t\t\t<\/div>\n\t\t\t\t<\/div>\n\t\t\t\t\t<\/div>\n\t\t<\/div>\n\t\t\t\t\t<\/div>\n\t\t<\/section>\n\t\t\t\t<section class=\"elementor-section elementor-top-section elementor-element elementor-element-643a4de4 elementor-section-boxed elementor-section-height-default elementor-section-height-default\" data-id=\"643a4de4\" data-element_type=\"section\" data-e-type=\"section\">\n\t\t\t\t\t\t<div class=\"elementor-container elementor-column-gap-default\">\n\t\t\t\t\t<div class=\"elementor-column elementor-col-100 elementor-top-column elementor-element elementor-element-386b8aa0\" data-id=\"386b8aa0\" data-element_type=\"column\" data-e-type=\"column\">\n\t\t\t<div class=\"elementor-widget-wrap elementor-element-populated\">\n\t\t\t\t\t\t<div class=\"elementor-element elementor-element-5ba77ab4 elementor-widget elementor-widget-text-editor\" data-id=\"5ba77ab4\" data-element_type=\"widget\" data-e-type=\"widget\" data-widget_type=\"text-editor.default\">\n\t\t\t\t<div class=\"elementor-widget-container\">\n\t\t\t\t\t\t\t\t\t<p style=\"text-align: center;\"><span style=\"color: #e7c1ec;\"><a style=\"color: #e7c1ec;\" href=\"https:\/\/schlesisches-konvikt.de\/\">Willkommen<\/a>\u00a0\u00a0\u00a0\u00a0\u00a0\u00a0\u00a0\u00a0\u00a0<a style=\"color: #e7c1ec;\" href=\"https:\/\/schlesisches-konvikt.de\/?page_id=102\"> Leben im Konvikt<\/a>\u00a0\u00a0\u00a0\u00a0\u00a0\u00a0\u00a0\u00a0\u00a0 <a style=\"color: #e7c1ec;\" href=\"https:\/\/schlesisches-konvikt.de\/?page_id=92\">Wohnen im Konvikt<\/a> \u00a0 \u00a0 \u00a0 \u00a0\u00a0 <a style=\"color: #e7c1ec;\" href=\"https:\/\/schlesisches-konvikt.de\/?page_id=37\">Impressum<\/a><\/span><\/p>\t\t\t\t\t\t\t\t<\/div>\n\t\t\t\t<\/div>\n\t\t\t\t<div class=\"elementor-element elementor-element-6005ca86 elementor-widget-divider--view-line elementor-widget elementor-widget-divider\" data-id=\"6005ca86\" data-element_type=\"widget\" data-e-type=\"widget\" data-widget_type=\"divider.default\">\n\t\t\t\t<div class=\"elementor-widget-container\">\n\t\t\t\t\t\t\t<div class=\"elementor-divider\">\n\t\t\t<span class=\"elementor-divider-separator\">\n\t\t\t\t\t\t<\/span>\n\t\t<\/div>\n\t\t\t\t\t\t<\/div>\n\t\t\t\t<\/div>\n\t\t\t\t<div class=\"elementor-element elementor-element-2c89a673 elementor-widget elementor-widget-heading\" data-id=\"2c89a673\" data-element_type=\"widget\" data-e-type=\"widget\" data-widget_type=\"heading.default\">\n\t\t\t\t<div class=\"elementor-widget-container\">\n\t\t\t\t\t<h3 class=\"elementor-heading-title elementor-size-default\">Willkommen!<\/h3>\t\t\t\t<\/div>\n\t\t\t\t<\/div>\n\t\t\t\t\t<\/div>\n\t\t<\/div>\n\t\t\t\t\t<\/div>\n\t\t<\/section>\n\t\t\t\t<section class=\"elementor-section elementor-top-section elementor-element elementor-element-afeca97 elementor-section-boxed elementor-section-height-default elementor-section-height-default\" data-id=\"afeca97\" data-element_type=\"section\" data-e-type=\"section\">\n\t\t\t\t\t\t<div class=\"elementor-container elementor-column-gap-default\">\n\t\t\t\t\t<div class=\"elementor-column elementor-col-50 elementor-top-column elementor-element elementor-element-5bf4ebe0\" data-id=\"5bf4ebe0\" data-element_type=\"column\" data-e-type=\"column\">\n\t\t\t<div class=\"elementor-widget-wrap elementor-element-populated\">\n\t\t\t\t\t\t<div class=\"elementor-element elementor-element-7f95e080 elementor-absolute elementor-widget elementor-widget-image\" data-id=\"7f95e080\" data-element_type=\"widget\" data-e-type=\"widget\" data-settings=\"{&quot;_position&quot;:&quot;absolute&quot;}\" data-widget_type=\"image.default\">\n\t\t\t\t<div class=\"elementor-widget-container\">\n\t\t\t\t\t\t\t\t\t\t\t\t\t\t\t<img decoding=\"async\" width=\"1024\" height=\"576\" src=\"https:\/\/schlesisches-konvikt.de\/wp-content\/uploads\/2022\/07\/DSC_1291-1024x576.jpg\" class=\"attachment-large size-large wp-image-18\" alt=\"\" srcset=\"https:\/\/schlesisches-konvikt.de\/wp-content\/uploads\/2022\/07\/DSC_1291-1024x576.jpg 1024w, https:\/\/schlesisches-konvikt.de\/wp-content\/uploads\/2022\/07\/DSC_1291-300x169.jpg 300w, https:\/\/schlesisches-konvikt.de\/wp-content\/uploads\/2022\/07\/DSC_1291-768x432.jpg 768w, https:\/\/schlesisches-konvikt.de\/wp-content\/uploads\/2022\/07\/DSC_1291-1536x864.jpg 1536w, https:\/\/schlesisches-konvikt.de\/wp-content\/uploads\/2022\/07\/DSC_1291-2048x1152.jpg 2048w\" sizes=\"(max-width: 1024px) 100vw, 1024px\" \/>\t\t\t\t\t\t\t\t\t\t\t\t\t\t\t<\/div>\n\t\t\t\t<\/div>\n\t\t\t\t<section class=\"elementor-section elementor-inner-section elementor-element elementor-element-54d10536 elementor-section-boxed elementor-section-height-default elementor-section-height-default\" data-id=\"54d10536\" data-element_type=\"section\" data-e-type=\"section\">\n\t\t\t\t\t\t<div class=\"elementor-container elementor-column-gap-default\">\n\t\t\t\t\t<div class=\"elementor-column elementor-col-100 elementor-inner-column elementor-element elementor-element-700b9ff5\" data-id=\"700b9ff5\" data-element_type=\"column\" data-e-type=\"column\">\n\t\t\t<div class=\"elementor-widget-wrap elementor-element-populated\">\n\t\t\t\t\t\t<div class=\"elementor-element elementor-element-2349d4fb elementor-widget elementor-widget-text-editor\" data-id=\"2349d4fb\" data-element_type=\"widget\" data-e-type=\"widget\" data-widget_type=\"text-editor.default\">\n\t\t\t\t<div class=\"elementor-widget-container\">\n\t\t\t\t\t\t\t\t\t<p>F\u00fcr eine Bewerbung schreibt einfach eine Email an inspektor@schlesisches-konvikt.de mit kleinem Lebenslauf und Motivationsschreiben. Wir freuen uns, auf eure Bewerbungen!<\/p>\t\t\t\t\t\t\t\t<\/div>\n\t\t\t\t<\/div>\n\t\t\t\t\t<\/div>\n\t\t<\/div>\n\t\t\t\t\t<\/div>\n\t\t<\/section>\n\t\t\t\t\t<\/div>\n\t\t<\/div>\n\t\t\t\t<div class=\"elementor-column elementor-col-50 elementor-top-column elementor-element elementor-element-79b87a93\" data-id=\"79b87a93\" data-element_type=\"column\" data-e-type=\"column\">\n\t\t\t<div class=\"elementor-widget-wrap elementor-element-populated\">\n\t\t\t\t\t\t<div class=\"elementor-element elementor-element-7776310c elementor-widget elementor-widget-text-editor\" data-id=\"7776310c\" data-element_type=\"widget\" data-e-type=\"widget\" data-widget_type=\"text-editor.default\">\n\t\t\t\t<div class=\"elementor-widget-container\">\n\t\t\t\t\t\t\t\t\t<p>Das Schlesische Konvikt ist das \u00e4lteste Konvikt in Halle\/Saale. Insgesamt stehen uns Studierenden hier 53 Zimmer zur Verf\u00fcgung. Davon sind viele bereits m\u00f6bliert. Im Sinne des Stifters, Karl Philipp Graf von Harrach, ist die christliche Gemeinschaft ein wichtiger Bestandteil des Lebens im Konvikt. Aufgrund der Geschichte richtete sich das Konvikt an Studierende der Theologie und Kirchenmusik. Wir leben aber bereits in verschiedensten Studieng\u00e4ngen hier.<br \/>Wir feiern gemeinsam Gottesdienst am Beginn und Ende eines jeden Semesters und treffen uns w\u00f6chentlich zur Andacht. Au\u00dferdem geh\u00f6ren Lesekreise und Haus\u00fcbungen, Hausmusikabende und Ausfl\u00fcge, Running Dinner und Grillabende zum Semesterprogramm im Konvikt.<br \/>Am Rand der Innenstadt gelegen, sind die Wege hier sehr kurz. Mit dem Rad erreicht man die Theologische Fakult\u00e4t in 8 Minuten. Zu Fu\u00df ist man ebenfalls so schnell auf dem Marktplatz. Wer gerne drau\u00dfen lernen oder die Seele baumeln lassen m\u00f6chte, kann daf\u00fcr unseren gro\u00dfen Konviktsgarten nutzen. Das Schlesische Konvikt ist zudem ein sehr musikalisches Haus. Zwei Orgeln stehen zum \u00dcben zur Verf\u00fcgung, viele Zimmer sind mit einem Klavier ausgestattet.<\/p><p>F\u00fcr eine Bewerbung schreibt einfach eine Email an inspektor@schlesiches-Konvikt.de mit kleinem Lebenslauf und Motivationsschreiben.<\/p><p>Wir freuen uns auf Eure Bewerbungen!<\/p>\t\t\t\t\t\t\t\t<\/div>\n\t\t\t\t<\/div>\n\t\t\t\t\t<\/div>\n\t\t<\/div>\n\t\t\t\t\t<\/div>\n\t\t<\/section>\n\t\t\t\t<\/div>\n\t\t","protected":false},"excerpt":{"rendered":"<p>Schlesisches Konvikt Christlich. Studieren. Wohnen. Leben. Willkommen\u00a0\u00a0\u00a0\u00a0\u00a0\u00a0\u00a0\u00a0\u00a0 Leben im Konvikt\u00a0\u00a0\u00a0\u00a0\u00a0\u00a0\u00a0\u00a0\u00a0 Wohnen im Konvikt \u00a0 \u00a0 \u00a0 \u00a0\u00a0 Impressum Willkommen! F\u00fcr eine Bewerbung schreibt einfach eine Email an inspektor@schlesisches-konvikt.de mit kleinem Lebenslauf und Motivationsschreiben. Wir freuen uns, auf eure Bewerbungen! Das Schlesische Konvikt ist das \u00e4lteste Konvikt in Halle\/Saale. Insgesamt stehen uns Studierenden hier 53 Zimmer [&hellip;]<\/p>\n","protected":false},"author":1,"featured_media":23,"parent":0,"menu_order":0,"comment_status":"closed","ping_status":"closed","template":"elementor_canvas","meta":{"footnotes":""},"class_list":["post-9","page","type-page","status-publish","has-post-thumbnail","hentry"],"_links":{"self":[{"href":"https:\/\/schlesisches-konvikt.de\/index.php?rest_route=\/wp\/v2\/pages\/9","targetHints":{"allow":["GET"]}}],"collection":[{"href":"https:\/\/schlesisches-konvikt.de\/index.php?rest_route=\/wp\/v2\/pages"}],"about":[{"href":"https:\/\/schlesisches-konvikt.de\/index.php?rest_route=\/wp\/v2\/types\/page"}],"author":[{"embeddable":true,"href":"https:\/\/schlesisches-konvikt.de\/index.php?rest_route=\/wp\/v2\/users\/1"}],"replies":[{"embeddable":true,"href":"https:\/\/schlesisches-konvikt.de\/index.php?rest_route=%2Fwp%2Fv2%2Fcomments&post=9"}],"version-history":[{"count":104,"href":"https:\/\/schlesisches-konvikt.de\/index.php?rest_route=\/wp\/v2\/pages\/9\/revisions"}],"predecessor-version":[{"id":319,"href":"https:\/\/schlesisches-konvikt.de\/index.php?rest_route=\/wp\/v2\/pages\/9\/revisions\/319"}],"wp:featuredmedia":[{"embeddable":true,"href":"https:\/\/schlesisches-konvikt.de\/index.php?rest_route=\/wp\/v2\/media\/23"}],"wp:attachment":[{"href":"https:\/\/schlesisches-konvikt.de\/index.php?rest_route=%2Fwp%2Fv2%2Fmedia&parent=9"}],"curies":[{"name":"wp","href":"https:\/\/api.w.org\/{rel}","templated":true}]}}